{"id":7653,"date":"2021-11-23T05:04:57","date_gmt":"2021-11-23T05:04:57","guid":{"rendered":"https:\/\/www.ghicaapartments.ro\/?page_id=7653"},"modified":"2024-08-14T17:50:28","modified_gmt":"2024-08-14T17:50:28","slug":"mediacity-dezvoltator-imobiliar","status":"publish","type":"page","link":"https:\/\/www.ghicaapartments.ro\/en\/mediacity-dezvoltator-imobiliar\/","title":{"rendered":"Dezvoltator imobiliar"},"content":{"rendered":"<div data-elementor-type=\"wp-page\" data-elementor-id=\"7653\" class=\"elementor elementor-7653\">\n\t\t\t\t\t\t<div class=\"elementor-section elementor-top-section elementor-element elementor-element-7b635ce7 elementor-section-stretched elementor-section-full_width elementor-section-height-default elementor-section-height-default\" data-id=\"7b635ce7\" data-element_type=\"section\" data-e-type=\"section\" data-settings=\"{&quot;stretch_section&quot;:&quot;section-stretched&quot;}\">\n\t\t\t\t\t\t\t<div class=\"elementor-background-overlay\"><\/div>\n\t\t\t\t\t\t\t<div class=\"elementor-container elementor-column-gap-default\">\n\t\t\t\t\t<div class=\"elementor-column elementor-col-100 elementor-top-column elementor-element elementor-element-15531232\" data-id=\"15531232\" data-element_type=\"column\" data-e-type=\"column\">\n\t\t\t<div class=\"elementor-widget-wrap elementor-element-populated\">\n\t\t\t\t\t\t<div class=\"elementor-section elementor-inner-section elementor-element elementor-element-e60b58f elementor-section-full_width elementor-section-height-default elementor-section-height-default\" data-id=\"e60b58f\" data-element_type=\"section\" data-e-type=\"section\" data-settings=\"{&quot;background_background&quot;:&quot;classic&quot;}\">\n\t\t\t\t\t\t<div class=\"elementor-container elementor-column-gap-default\">\n\t\t\t\t\t<div class=\"elementor-column elementor-col-100 elementor-inner-column elementor-element elementor-element-2b93e7f\" data-id=\"2b93e7f\" data-element_type=\"column\" data-e-type=\"column\">\n\t\t\t<div class=\"elementor-widget-wrap elementor-element-populated\">\n\t\t\t\t\t\t<div class=\"elementor-element elementor-element-8f8b94d elementor-widget elementor-widget-image\" data-id=\"8f8b94d\" data-element_type=\"widget\" data-e-type=\"widget\" data-widget_type=\"image.default\">\n\t\t\t\t<div class=\"elementor-widget-container\">\n\t\t\t\t\t\t\t\t\t\t\t\t\t\t\t<img fetchpriority=\"high\" decoding=\"async\" width=\"1920\" height=\"600\" src=\"https:\/\/www.ghicaapartments.ro\/wp-content\/uploads\/2021\/11\/ghicaapartments_slide1_1920x600_v9.jpg\" class=\"attachment-full size-full wp-image-7655\" alt=\"\" srcset=\"https:\/\/www.ghicaapartments.ro\/wp-content\/uploads\/2021\/11\/ghicaapartments_slide1_1920x600_v9.jpg 1920w, https:\/\/www.ghicaapartments.ro\/wp-content\/uploads\/2021\/11\/ghicaapartments_slide1_1920x600_v9-300x94.jpg 300w, https:\/\/www.ghicaapartments.ro\/wp-content\/uploads\/2021\/11\/ghicaapartments_slide1_1920x600_v9-1024x320.jpg 1024w, https:\/\/www.ghicaapartments.ro\/wp-content\/uploads\/2021\/11\/ghicaapartments_slide1_1920x600_v9-768x240.jpg 768w, https:\/\/www.ghicaapartments.ro\/wp-content\/uploads\/2021\/11\/ghicaapartments_slide1_1920x600_v9-1536x480.jpg 1536w, https:\/\/www.ghicaapartments.ro\/wp-content\/uploads\/2021\/11\/ghicaapartments_slide1_1920x600_v9-16x5.jpg 16w\" sizes=\"(max-width: 1920px) 100vw, 1920px\" \/>\t\t\t\t\t\t\t\t\t\t\t\t\t\t\t<\/div>\n\t\t\t\t<\/div>\n\t\t\t\t\t<\/div>\n\t\t<\/div>\n\t\t\t\t\t<\/div>\n\t\t<\/div>\n\t\t\t\t<div class=\"elementor-section elementor-inner-section elementor-element elementor-element-480529e elementor-section-boxed elementor-section-height-default elementor-section-height-default\" data-id=\"480529e\" data-element_type=\"section\" data-e-type=\"section\" data-settings=\"{&quot;background_background&quot;:&quot;classic&quot;}\">\n\t\t\t\t\t\t<div class=\"elementor-container elementor-column-gap-default\">\n\t\t\t\t\t<div class=\"elementor-column elementor-col-50 elementor-inner-column elementor-element elementor-element-e1f3c46\" data-id=\"e1f3c46\" data-element_type=\"column\" data-e-type=\"column\">\n\t\t\t<div class=\"elementor-widget-wrap elementor-element-populated\">\n\t\t\t\t\t\t<div class=\"elementor-element elementor-element-6171cb1 elementor-widget elementor-widget-heading\" data-id=\"6171cb1\" data-element_type=\"widget\" data-e-type=\"widget\" data-widget_type=\"heading.default\">\n\t\t\t\t<div class=\"elementor-widget-container\">\n\t\t\t\t\t<h6 class=\"elementor-heading-title elementor-size-medium\">Catalogul de prezentare Ghica Apartments<br>\neste disponibil aici<\/h6>\t\t\t\t<\/div>\n\t\t\t\t<\/div>\n\t\t\t\t\t<\/div>\n\t\t<\/div>\n\t\t\t\t<div class=\"elementor-column elementor-col-50 elementor-inner-column elementor-element elementor-element-f6b13f0\" data-id=\"f6b13f0\" data-element_type=\"column\" data-e-type=\"column\">\n\t\t\t<div class=\"elementor-widget-wrap elementor-element-populated\">\n\t\t\t\t\t\t<div class=\"elementor-element elementor-element-a48211d elementor-align-left elementor-widget elementor-widget-button\" data-id=\"a48211d\" data-element_type=\"widget\" data-e-type=\"widget\" data-widget_type=\"button.default\">\n\t\t\t\t<div class=\"elementor-widget-container\">\n\t\t\t\t\t\t\t\t\t<div class=\"elementor-button-wrapper\">\n\t\t\t\t\t<a class=\"elementor-button elementor-button-link elementor-size-sm\" href=\"https:\/\/www.ghicaapartments.ro\/wp-content\/uploads\/2024\/08\/Prezentare_Ghica_Apartments_byMediaCity_c20230428.pdf\" target=\"_blank\">\n\t\t\t\t\t\t<span class=\"elementor-button-content-wrapper\">\n\t\t\t\t\t\t<span class=\"elementor-button-icon\">\n\t\t\t\t<i aria-hidden=\"true\" class=\"far fa-file-pdf\"><\/i>\t\t\t<\/span>\n\t\t\t\t\t\t\t\t\t<span class=\"elementor-button-text\">Vezi Catalog PDF<\/span>\n\t\t\t\t\t<\/span>\n\t\t\t\t\t<\/a>\n\t\t\t\t<\/div>\n\t\t\t\t\t\t\t\t<\/div>\n\t\t\t\t<\/div>\n\t\t\t\t\t<\/div>\n\t\t<\/div>\n\t\t\t\t\t<\/div>\n\t\t<\/div>\n\t\t\t\t<div class=\"elementor-section elementor-inner-section elementor-element elementor-element-4f5061e elementor-section-boxed elementor-section-height-default elementor-section-height-default\" data-id=\"4f5061e\" data-element_type=\"section\" data-e-type=\"section\" data-settings=\"{&quot;background_background&quot;:&quot;classic&quot;}\">\n\t\t\t\t\t\t<div class=\"elementor-container elementor-column-gap-default\">\n\t\t\t\t\t<div class=\"elementor-column elementor-col-100 elementor-inner-column elementor-element elementor-element-20449d0\" data-id=\"20449d0\" data-element_type=\"column\" data-e-type=\"column\">\n\t\t\t<div class=\"elementor-widget-wrap elementor-element-populated\">\n\t\t\t\t\t\t<div class=\"elementor-element elementor-element-4f274ba elementor-widget elementor-widget-text-editor\" data-id=\"4f274ba\" data-element_type=\"widget\" data-e-type=\"widget\" data-widget_type=\"text-editor.default\">\n\t\t\t\t<div class=\"elementor-widget-container\">\n\t\t\t\t\t\t\t\t\t<h3>MediaCity, Dezvoltator imobiliar<\/h3><p style=\"border-left: 5px solid #ff631b; padding-left: 30px;\">Misiunea MediaCity, din 1996 am asigurat prin numeroase proiecte reziden\u021biale, finalizate sau \u00een lucru, un stil de via\u021b\u0103 modern, dinamic \u0219i confortabil pentru clien\u021bii nostri. Asta ne dorim s\u0103 facem \u0219i asta ne recomand\u0103.<\/p><ul><li>Avem peste 25 de ani de experien\u021b\u0103 acumulat\u0103 pe pia\u021ba imobiliar\u0103<\/li><li>15 proiecte reziden\u021biale realizate<\/li><li>1200 de apartamente finalizate<\/li><li>200 de case construite<\/li><li>Avem echipe de profesioni\u0219ti: arhitec\u021bi \u0219i constructori, evaluatori<\/li><li>Oferim servicii de consultan\u021b\u0103 financiar\u0103<\/li><li>Oferim servicii de evaluare \u0219i re-evaluare<\/li><\/ul><p style=\"border-left: 5px solid #ff631b; padding-left: 30px;\">Viziunea MediaCity, este s\u0103 continu\u0103m s\u0103 ne aducem contribu\u021bia la dezvoltarea pie\u021bei imobiliare din Rom\u00e2nia, livr\u00e2nd produse \u0219i servicii de \u00eenalt\u0103 calitate, \u00eentr-un spirit autentic.<\/p><h3>Valorile MediaCity<\/h3><ul><li>Suntem implica\u021bi, proactivi \u0219i aten\u021bi la nevoile clien\u021bilor no\u0219tri<\/li><li>Integritate &#8211; opt\u0103m s\u0103 fim integri \u00een toate rela\u021biile personale \u0219i de afaceri<\/li><li>Excelen\u021ba &#8211; avem cele mai \u00eenalte standarde de calitate \u00een tot ceea ce facem<\/li><li>Responsabilitate &#8211; \u00eentotdeauna se poate conta pe noi!<\/li><li>Respect &#8211; lucr\u0103m \u00een echip\u0103, accept\u0103m \u0219i apreciem diversitatea<\/li><\/ul><p style=\"border-left: 5px solid #ff631b; padding-left: 30px;\">Contacta\u021bi-ne pentru a analiza \u00eempreun\u0103 cum putem sa v\u0103 ajut\u0103m s\u0103 crea\u021bi acel viitor pe care vi-l dori\u021bi; \u00eentr-o cas\u0103 nou\u0103. MediaCity, un viitor DE \u00ceNCREDERE pentru tine!<\/p>\t\t\t\t\t\t\t\t<\/div>\n\t\t\t\t<\/div>\n\t\t\t\t\t<\/div>\n\t\t<\/div>\n\t\t\t\t\t<\/div>\n\t\t<\/div>\n\t\t\t\t<div class=\"elementor-section elementor-inner-section elementor-element elementor-element-9341e94 elementor-section-boxed elementor-section-height-default elementor-section-height-default\" data-id=\"9341e94\" data-element_type=\"section\" data-e-type=\"section\" data-settings=\"{&quot;background_background&quot;:&quot;classic&quot;}\">\n\t\t\t\t\t\t<div class=\"elementor-container elementor-column-gap-default\">\n\t\t\t\t\t<div class=\"elementor-column elementor-col-100 elementor-inner-column elementor-element elementor-element-ebe6c1f\" data-id=\"ebe6c1f\" data-element_type=\"column\" data-e-type=\"column\" data-settings=\"{&quot;background_background&quot;:&quot;classic&quot;}\">\n\t\t\t<div class=\"elementor-widget-wrap elementor-element-populated\">\n\t\t\t\t\t<div class=\"elementor-background-overlay\"><\/div>\n\t\t\t\t\t\t<div class=\"elementor-element elementor-element-b9565f8 elementor-widget elementor-widget-section_title\" data-id=\"b9565f8\" data-element_type=\"widget\" data-e-type=\"widget\" data-widget_type=\"section_title.default\">\n\t\t\t\t<div class=\"elementor-widget-container\">\n\t\t\t\t\t\r\n\r\n\r\n\r\n<div class=\"pt-section-title-box\">   \r\n   \t\t<span class=\"pt-section-sub-title\">Formular de contact<\/span>     \t<h5 class=\"pt-section-title\">Cum te putem ajuta?<\/h5>     \t   \r\n<\/div>\r\n\r\n\r\n\r\n\r\n\r\n\t\t\t\t<\/div>\n\t\t\t\t<\/div>\n\t\t\t\t<div class=\"elementor-element elementor-element-6d01f47 quote-from elementor-widget elementor-widget-shortcode\" data-id=\"6d01f47\" data-element_type=\"widget\" data-e-type=\"widget\" data-widget_type=\"shortcode.default\">\n\t\t\t\t<div class=\"elementor-widget-container\">\n\t\t\t\t\t\t\t<div class=\"elementor-shortcode\">\n<div class=\"wpcf7 no-js\" id=\"wpcf7-f108-o1\" lang=\"en-US\" dir=\"ltr\" data-wpcf7-id=\"108\">\n<div class=\"screen-reader-response\"><p role=\"status\" aria-live=\"polite\" aria-atomic=\"true\"><\/p> <ul><\/ul><\/div>\n<form action=\"\/en\/wp-json\/wp\/v2\/pages\/7653#wpcf7-f108-o1\" method=\"post\" class=\"wpcf7-form init wpcf7-acceptance-as-validation\" aria-label=\"Contact form\" novalidate=\"novalidate\" data-status=\"init\" data-trp-original-action=\"\/en\/wp-json\/wp\/v2\/pages\/7653#wpcf7-f108-o1\">\n<fieldset class=\"hidden-fields-container\"><input type=\"hidden\" name=\"_wpcf7\" value=\"108\" \/><input type=\"hidden\" name=\"_wpcf7_version\" value=\"6.1.5\" \/><input type=\"hidden\" name=\"_wpcf7_locale\" value=\"en_US\" \/><input type=\"hidden\" name=\"_wpcf7_unit_tag\" value=\"wpcf7-f108-o1\" \/><input type=\"hidden\" name=\"_wpcf7_container_post\" value=\"0\" \/><input type=\"hidden\" name=\"_wpcf7_posted_data_hash\" value=\"\" \/><input type=\"hidden\" name=\"_wpcf7_recaptcha_response\" value=\"\" \/>\n<\/fieldset>\n<div class=\"row\">\n\t<div class=\"col-md-6\">\n\t\t<p><span class=\"wpcf7-form-control-wrap\" data-name=\"first_name\"><input size=\"40\" maxlength=\"400\" class=\"wpcf7-form-control wpcf7-text wpcf7-validates-as-required\" aria-required=\"true\" aria-invalid=\"false\" placeholder=\"Nume\" value=\"\" type=\"text\" name=\"first_name\" \/><\/span>\n\t\t<\/p>\n\t<\/div>\n\t<div class=\"col-md-6\">\n\t\t<p><span class=\"wpcf7-form-control-wrap\" data-name=\"email\"><input size=\"40\" maxlength=\"400\" class=\"wpcf7-form-control wpcf7-email wpcf7-validates-as-required wpcf7-text wpcf7-validates-as-email\" aria-required=\"true\" aria-invalid=\"false\" placeholder=\"Email\" value=\"\" type=\"email\" name=\"email\" \/><\/span>\n\t\t<\/p>\n\t<\/div>\n\t<div class=\"col-md-6\">\n\t\t<p><span class=\"wpcf7-form-control-wrap\" data-name=\"phone\"><input size=\"40\" maxlength=\"400\" class=\"wpcf7-form-control wpcf7-text wpcf7-validates-as-required\" aria-required=\"true\" aria-invalid=\"false\" placeholder=\"Telefon\" value=\"\" type=\"text\" name=\"phone\" \/><\/span>\n\t\t<\/p>\n\t<\/div>\n\t<div class=\"col-md-6\">\n\t\t<p><span class=\"wpcf7-form-control-wrap\" data-name=\"your-subject\"><input size=\"40\" maxlength=\"400\" class=\"wpcf7-form-control wpcf7-text\" aria-invalid=\"false\" placeholder=\"Subiect\" value=\"\" type=\"text\" name=\"your-subject\" \/><\/span>\n\t\t<\/p>\n\t<\/div>\n\t<div class=\"col-md-12\">\n\t\t<p><span class=\"wpcf7-form-control-wrap\" data-name=\"message\"><textarea cols=\"10\" rows=\"6\" maxlength=\"2000\" class=\"wpcf7-form-control wpcf7-textarea\" aria-invalid=\"false\" placeholder=\"Mesaj\" name=\"message\"><\/textarea><\/span>\n\t\t<\/p>\n\t<\/div>\n\t<div class=\"col-md-12\">\n\t\t<p><span class=\"wpcf7-form-control-wrap\" data-name=\"acceptance-0\"><span class=\"wpcf7-form-control wpcf7-acceptance\"><span class=\"wpcf7-list-item\"><label><input type=\"checkbox\" name=\"acceptance-0\" value=\"1\" aria-invalid=\"false\" \/><span class=\"wpcf7-list-item-label\">Sunt de acord cu prelucrarea datelor<\/span><\/label><\/span><\/span><\/span>\n\t\t<\/p>\n\t<\/div>\n<input class=\"wpcf7-form-control wpcf7-hidden\" value=\"ghicaapartments.ro\" type=\"hidden\" name=\"from\" \/>\n\t<div class=\"col-md-12\">\n\t\t<p><input class=\"wpcf7-form-control wpcf7-submit has-spinner\" type=\"submit\" value=\"Trimite\" \/>\n\t\t<\/p>\n\t<\/div>\n<\/div><div class=\"wpcf7-response-output\" aria-hidden=\"true\"><\/div>\n<input type=\"hidden\" name=\"trp-form-language\" value=\"en\"\/><\/form>\n<\/div>\n<\/div>\n\t\t\t\t\t\t<\/div>\n\t\t\t\t<\/div>\n\t\t\t\t\t<\/div>\n\t\t<\/div>\n\t\t\t\t\t<\/div>\n\t\t<\/div>\n\t\t\t\t<div class=\"elementor-section elementor-inner-section elementor-element elementor-element-b42a056 elementor-section-boxed elementor-section-height-default elementor-section-height-default\" data-id=\"b42a056\" data-element_type=\"section\" data-e-type=\"section\" data-settings=\"{&quot;background_background&quot;:&quot;classic&quot;}\">\n\t\t\t\t\t\t<div class=\"elementor-container elementor-column-gap-default\">\n\t\t\t\t\t<div class=\"elementor-column elementor-col-100 elementor-inner-column elementor-element elementor-element-f6916db\" data-id=\"f6916db\" data-element_type=\"column\" data-e-type=\"column\">\n\t\t\t<div class=\"elementor-widget-wrap elementor-element-populated\">\n\t\t\t\t\t\t<div class=\"elementor-element elementor-element-899dcbf elementor-absolute elementor-widget__width-inherit elementor-hidden-phone elementor-invisible elementor-widget elementor-widget-heading\" data-id=\"899dcbf\" data-element_type=\"widget\" data-e-type=\"widget\" data-settings=\"{&quot;_position&quot;:&quot;absolute&quot;,&quot;_animation&quot;:&quot;fadeInUp&quot;}\" data-widget_type=\"heading.default\">\n\t\t\t\t<div class=\"elementor-widget-container\">\n\t\t\t\t\t<h2 class=\"elementor-heading-title elementor-size-xxl\">MediaCity<\/h2>\t\t\t\t<\/div>\n\t\t\t\t<\/div>\n\t\t\t\t<div class=\"elementor-element elementor-element-f621458 elementor-widget elementor-widget-section_title\" data-id=\"f621458\" data-element_type=\"widget\" data-e-type=\"widget\" data-widget_type=\"section_title.default\">\n\t\t\t\t<div class=\"elementor-widget-container\">\n\t\t\t\t\t\r\n\r\n\r\n\r\n<div class=\"pt-section-title-box text-center\">   \r\n   \t\t<span class=\"pt-section-sub-title\">Un nou Proiect imobiliar<\/span>     \t<h5 class=\"pt-section-title\">Ghica Apartments<\/h5>     \t<p class=\"pt-section-description\">In peste 25 de ani de activitate MediaCity a contribuit cu numeroase proiecte reziden\u021biale la dezvoltarea pie\u021bei imobiliare din Rom\u00e2nia \u0219i la confortul clien\u021bilor s\u0103i.<\/p>   \r\n<\/div>\r\n\r\n\r\n\r\n\r\n\r\n\t\t\t\t<\/div>\n\t\t\t\t<\/div>\n\t\t\t\t\t<\/div>\n\t\t<\/div>\n\t\t\t\t\t<\/div>\n\t\t<\/div>\n\t\t\t\t\t<\/div>\n\t\t<\/div>\n\t\t\t\t\t<\/div>\n\t\t<\/div>\n\t\t\t\t<\/div>","protected":false},"excerpt":{"rendered":"<p>Catalogul de prezentare Ghica Apartments este disponibil aici Vezi Catalog PDF MediaCity, Dezvoltator imobiliarMisiunea MediaCity, din 1996 am asigurat prin numeroase proiecte reziden\u021biale, finalizate sau \u00een lucru, un stil de via\u021b\u0103 modern, dinamic \u0219i confortabil pentru clien\u021bii nostri. Asta ne dorim s\u0103 facem \u0219i asta ne recomand\u0103.Avem peste 25 de ani de experien\u021b\u0103 acumulat\u0103 pe [&hellip;]<\/p>\n","protected":false},"author":1,"featured_media":0,"parent":0,"menu_order":0,"comment_status":"closed","ping_status":"closed","template":"","meta":{"_acf_changed":false,"_eb_attr":"","footnotes":""},"class_list":["post-7653","page","type-page","status-publish","hentry"],"acf":[],"yoast_head":"<!-- This site is optimized with the Yoast SEO plugin v27.1.1 - https:\/\/yoast.com\/product\/yoast-seo-wordpress\/ -->\n<title>Dezvoltator imobiliar - GHICA Apartments<\/title>\n<meta name=\"robots\" content=\"index, follow, max-snippet:-1, max-image-preview:large, max-video-preview:-1\" \/>\n<link rel=\"canonical\" href=\"https:\/\/www.ghicaapartments.ro\/en\/mediacity-dezvoltator-imobiliar\/\" \/>\n<meta property=\"og:locale\" content=\"en_US\" \/>\n<meta property=\"og:type\" content=\"article\" \/>\n<meta property=\"og:title\" content=\"Dezvoltator imobiliar - GHICA Apartments\" \/>\n<meta property=\"og:description\" content=\"Catalogul de prezentare Ghica Apartments este disponibil aici Vezi Catalog PDF MediaCity, Dezvoltator imobiliarMisiunea MediaCity, din 1996 am asigurat prin numeroase proiecte reziden\u021biale, finalizate sau \u00een lucru, un stil de via\u021b\u0103 modern, dinamic \u0219i confortabil pentru clien\u021bii nostri. Asta ne dorim s\u0103 facem \u0219i asta ne recomand\u0103.Avem peste 25 de ani de experien\u021b\u0103 acumulat\u0103 pe [&hellip;]\" \/>\n<meta property=\"og:url\" content=\"https:\/\/www.ghicaapartments.ro\/en\/mediacity-dezvoltator-imobiliar\/\" \/>\n<meta property=\"og:site_name\" content=\"GHICA Apartments\" \/>\n<meta property=\"article:modified_time\" content=\"2024-08-14T17:50:28+00:00\" \/>\n<meta property=\"og:image\" content=\"https:\/\/www.ghicaapartments.ro\/wp-content\/uploads\/2021\/11\/ghicaapartments_slide1_1920x600_v9.jpg\" \/>\n<meta name=\"twitter:card\" content=\"summary_large_image\" \/>\n<meta name=\"twitter:label1\" content=\"Est. reading time\" \/>\n\t<meta name=\"twitter:data1\" content=\"2 minutes\" \/>\n<script type=\"application\/ld+json\" class=\"yoast-schema-graph\">{\"@context\":\"https:\/\/schema.org\",\"@graph\":[{\"@type\":\"WebPage\",\"@id\":\"https:\/\/www.ghicaapartments.ro\/mediacity-dezvoltator-imobiliar\/\",\"url\":\"https:\/\/www.ghicaapartments.ro\/mediacity-dezvoltator-imobiliar\/\",\"name\":\"Dezvoltator imobiliar - GHICA Apartments\",\"isPartOf\":{\"@id\":\"https:\/\/www.ghicaapartments.ro\/#website\"},\"primaryImageOfPage\":{\"@id\":\"https:\/\/www.ghicaapartments.ro\/mediacity-dezvoltator-imobiliar\/#primaryimage\"},\"image\":{\"@id\":\"https:\/\/www.ghicaapartments.ro\/mediacity-dezvoltator-imobiliar\/#primaryimage\"},\"thumbnailUrl\":\"https:\/\/www.ghicaapartments.ro\/wp-content\/uploads\/2021\/11\/ghicaapartments_slide1_1920x600_v9.jpg\",\"datePublished\":\"2021-11-23T05:04:57+00:00\",\"dateModified\":\"2024-08-14T17:50:28+00:00\",\"breadcrumb\":{\"@id\":\"https:\/\/www.ghicaapartments.ro\/mediacity-dezvoltator-imobiliar\/#breadcrumb\"},\"inLanguage\":\"en-US\",\"potentialAction\":[{\"@type\":\"ReadAction\",\"target\":[\"https:\/\/www.ghicaapartments.ro\/mediacity-dezvoltator-imobiliar\/\"]}]},{\"@type\":\"ImageObject\",\"inLanguage\":\"en-US\",\"@id\":\"https:\/\/www.ghicaapartments.ro\/mediacity-dezvoltator-imobiliar\/#primaryimage\",\"url\":\"https:\/\/www.ghicaapartments.ro\/wp-content\/uploads\/2021\/11\/ghicaapartments_slide1_1920x600_v9.jpg\",\"contentUrl\":\"https:\/\/www.ghicaapartments.ro\/wp-content\/uploads\/2021\/11\/ghicaapartments_slide1_1920x600_v9.jpg\"},{\"@type\":\"BreadcrumbList\",\"@id\":\"https:\/\/www.ghicaapartments.ro\/mediacity-dezvoltator-imobiliar\/#breadcrumb\",\"itemListElement\":[{\"@type\":\"ListItem\",\"position\":1,\"name\":\"Home\",\"item\":\"https:\/\/www.ghicaapartments.ro\/\"},{\"@type\":\"ListItem\",\"position\":2,\"name\":\"Dezvoltator imobiliar\"}]},{\"@type\":\"WebSite\",\"@id\":\"https:\/\/www.ghicaapartments.ro\/#website\",\"url\":\"https:\/\/www.ghicaapartments.ro\/\",\"name\":\"GHICA Apartments\",\"description\":\"Un proiect imobiliar MediaCity\",\"publisher\":{\"@id\":\"https:\/\/www.ghicaapartments.ro\/#organization\"},\"potentialAction\":[{\"@type\":\"SearchAction\",\"target\":{\"@type\":\"EntryPoint\",\"urlTemplate\":\"https:\/\/www.ghicaapartments.ro\/?s={search_term_string}\"},\"query-input\":{\"@type\":\"PropertyValueSpecification\",\"valueRequired\":true,\"valueName\":\"search_term_string\"}}],\"inLanguage\":\"en-US\"},{\"@type\":\"Organization\",\"@id\":\"https:\/\/www.ghicaapartments.ro\/#organization\",\"name\":\"GHICA Apartments\",\"url\":\"https:\/\/www.ghicaapartments.ro\/\",\"logo\":{\"@type\":\"ImageObject\",\"inLanguage\":\"en-US\",\"@id\":\"https:\/\/www.ghicaapartments.ro\/#\/schema\/logo\/image\/\",\"url\":\"https:\/\/www.ghicaapartments.ro\/wp-content\/uploads\/2021\/07\/ghica-logo_bottom2.png\",\"contentUrl\":\"https:\/\/www.ghicaapartments.ro\/wp-content\/uploads\/2021\/07\/ghica-logo_bottom2.png\",\"width\":200,\"height\":90,\"caption\":\"GHICA Apartments\"},\"image\":{\"@id\":\"https:\/\/www.ghicaapartments.ro\/#\/schema\/logo\/image\/\"}}]}<\/script>\n<!-- \/ Yoast SEO plugin. -->","yoast_head_json":{"title":"Dezvoltator imobiliar - GHICA Apartments","robots":{"index":"index","follow":"follow","max-snippet":"max-snippet:-1","max-image-preview":"max-image-preview:large","max-video-preview":"max-video-preview:-1"},"canonical":"https:\/\/www.ghicaapartments.ro\/en\/mediacity-dezvoltator-imobiliar\/","og_locale":"en_US","og_type":"article","og_title":"Dezvoltator imobiliar - GHICA Apartments","og_description":"Catalogul de prezentare Ghica Apartments este disponibil aici Vezi Catalog PDF MediaCity, Dezvoltator imobiliarMisiunea MediaCity, din 1996 am asigurat prin numeroase proiecte reziden\u021biale, finalizate sau \u00een lucru, un stil de via\u021b\u0103 modern, dinamic \u0219i confortabil pentru clien\u021bii nostri. Asta ne dorim s\u0103 facem \u0219i asta ne recomand\u0103.Avem peste 25 de ani de experien\u021b\u0103 acumulat\u0103 pe [&hellip;]","og_url":"https:\/\/www.ghicaapartments.ro\/en\/mediacity-dezvoltator-imobiliar\/","og_site_name":"GHICA Apartments","article_modified_time":"2024-08-14T17:50:28+00:00","og_image":[{"url":"https:\/\/www.ghicaapartments.ro\/wp-content\/uploads\/2021\/11\/ghicaapartments_slide1_1920x600_v9.jpg","type":"","width":"","height":""}],"twitter_card":"summary_large_image","twitter_misc":{"Est. reading time":"2 minutes"},"schema":{"@context":"https:\/\/schema.org","@graph":[{"@type":"WebPage","@id":"https:\/\/www.ghicaapartments.ro\/mediacity-dezvoltator-imobiliar\/","url":"https:\/\/www.ghicaapartments.ro\/mediacity-dezvoltator-imobiliar\/","name":"Dezvoltator imobiliar - GHICA Apartments","isPartOf":{"@id":"https:\/\/www.ghicaapartments.ro\/#website"},"primaryImageOfPage":{"@id":"https:\/\/www.ghicaapartments.ro\/mediacity-dezvoltator-imobiliar\/#primaryimage"},"image":{"@id":"https:\/\/www.ghicaapartments.ro\/mediacity-dezvoltator-imobiliar\/#primaryimage"},"thumbnailUrl":"https:\/\/www.ghicaapartments.ro\/wp-content\/uploads\/2021\/11\/ghicaapartments_slide1_1920x600_v9.jpg","datePublished":"2021-11-23T05:04:57+00:00","dateModified":"2024-08-14T17:50:28+00:00","breadcrumb":{"@id":"https:\/\/www.ghicaapartments.ro\/mediacity-dezvoltator-imobiliar\/#breadcrumb"},"inLanguage":"en-US","potentialAction":[{"@type":"ReadAction","target":["https:\/\/www.ghicaapartments.ro\/mediacity-dezvoltator-imobiliar\/"]}]},{"@type":"ImageObject","inLanguage":"en-US","@id":"https:\/\/www.ghicaapartments.ro\/mediacity-dezvoltator-imobiliar\/#primaryimage","url":"https:\/\/www.ghicaapartments.ro\/wp-content\/uploads\/2021\/11\/ghicaapartments_slide1_1920x600_v9.jpg","contentUrl":"https:\/\/www.ghicaapartments.ro\/wp-content\/uploads\/2021\/11\/ghicaapartments_slide1_1920x600_v9.jpg"},{"@type":"BreadcrumbList","@id":"https:\/\/www.ghicaapartments.ro\/mediacity-dezvoltator-imobiliar\/#breadcrumb","itemListElement":[{"@type":"ListItem","position":1,"name":"Home","item":"https:\/\/www.ghicaapartments.ro\/"},{"@type":"ListItem","position":2,"name":"Dezvoltator imobiliar"}]},{"@type":"WebSite","@id":"https:\/\/www.ghicaapartments.ro\/#website","url":"https:\/\/www.ghicaapartments.ro\/","name":"GHICA Apartments","description":"Un proiect imobiliar MediaCity","publisher":{"@id":"https:\/\/www.ghicaapartments.ro\/#organization"},"potentialAction":[{"@type":"SearchAction","target":{"@type":"EntryPoint","urlTemplate":"https:\/\/www.ghicaapartments.ro\/?s={search_term_string}"},"query-input":{"@type":"PropertyValueSpecification","valueRequired":true,"valueName":"search_term_string"}}],"inLanguage":"en-US"},{"@type":"Organization","@id":"https:\/\/www.ghicaapartments.ro\/#organization","name":"GHICA Apartments","url":"https:\/\/www.ghicaapartments.ro\/","logo":{"@type":"ImageObject","inLanguage":"en-US","@id":"https:\/\/www.ghicaapartments.ro\/#\/schema\/logo\/image\/","url":"https:\/\/www.ghicaapartments.ro\/wp-content\/uploads\/2021\/07\/ghica-logo_bottom2.png","contentUrl":"https:\/\/www.ghicaapartments.ro\/wp-content\/uploads\/2021\/07\/ghica-logo_bottom2.png","width":200,"height":90,"caption":"GHICA Apartments"},"image":{"@id":"https:\/\/www.ghicaapartments.ro\/#\/schema\/logo\/image\/"}}]}},"_links":{"self":[{"href":"https:\/\/www.ghicaapartments.ro\/en\/wp-json\/wp\/v2\/pages\/7653","targetHints":{"allow":["GET"]}}],"collection":[{"href":"https:\/\/www.ghicaapartments.ro\/en\/wp-json\/wp\/v2\/pages"}],"about":[{"href":"https:\/\/www.ghicaapartments.ro\/en\/wp-json\/wp\/v2\/types\/page"}],"author":[{"embeddable":true,"href":"https:\/\/www.ghicaapartments.ro\/en\/wp-json\/wp\/v2\/users\/1"}],"replies":[{"embeddable":true,"href":"https:\/\/www.ghicaapartments.ro\/en\/wp-json\/wp\/v2\/comments?post=7653"}],"version-history":[{"count":74,"href":"https:\/\/www.ghicaapartments.ro\/en\/wp-json\/wp\/v2\/pages\/7653\/revisions"}],"predecessor-version":[{"id":15416,"href":"https:\/\/www.ghicaapartments.ro\/en\/wp-json\/wp\/v2\/pages\/7653\/revisions\/15416"}],"wp:attachment":[{"href":"https:\/\/www.ghicaapartments.ro\/en\/wp-json\/wp\/v2\/media?parent=7653"}],"curies":[{"name":"wp","href":"https:\/\/api.w.org\/{rel}","templated":true}]}}